{"id":269,"date":"2020-11-01T00:31:47","date_gmt":"2020-11-01T03:31:47","guid":{"rendered":"https:\/\/www.webferraogroup.com.br\/modelo5\/request-quote\/"},"modified":"2022-09-26T14:15:00","modified_gmt":"2022-09-26T17:15:00","slug":"solicitar-orcamento-decoracao-evento","status":"publish","type":"page","link":"https:\/\/mktwebferraogroup.com.br\/ferbakdecor\/solicitar-orcamento-decoracao-evento\/","title":{"rendered":"Solicitar Or\u00e7amento"},"content":{"rendered":"\n\n<div class=\"woocommerce ywraq-wrapper\">\n\n\t    <div id=\"yith-ywraq-message\"><div class=\"ywraq-question-message\">\n\t<\/div><\/div>\n\t\t<p class=\"ywraq_list_empty_message\">Sua lista est\u00e1 vazia, adicione produtos \u00e0 lista para enviar uma solicita\u00e7\u00e3o<p><p class=\"return-to-shop\"><a class=\"button wc-backward\" href=\"https:\/\/mktwebferraogroup.com.br\/ferbakdecor\/produtos-de-evento\/\">Retornar para a Loja<\/a><\/p>\n\n\t    <\/div>\n\t<div id=\"text-3330654258\" class=\"text\">\n\t\t\n\n<p>Or\u00e7amento para decorar seu evento de uma forma incr\u00edvel, nunca foi t\u00e3o pr\u00e1tico. Monte a lista com todos os produtos que voc\u00ea precisar, temos possibilidade de ver quest\u00e3o de valores, pre\u00e7os, sugest\u00e3o de locais em Florian\u00f3polis parar realizar algo inesquec\u00edvel.<\/p>\n<p>Mais de 10 anos de experi\u00eancia com decora\u00e7\u00e3o de eventos, entendemos de sweet garden, casamentos, festas, todos os tipos de comemora\u00e7\u00e3o. Entre em contato atrav\u00e9s do nosso whatsapp!<\/p>\n\t\t\n<style>\n#text-3330654258 {\n  font-size: 0.75rem;\n  line-height: 0.75;\n  color: rgba(255, 255, 255, 0.14);\n}\n#text-3330654258 > * {\n  color: rgba(255, 255, 255, 0.14);\n}\n<\/style>\n\t<\/div>\n\t\n","protected":false},"excerpt":{"rendered":"","protected":false},"author":1,"featured_media":0,"parent":0,"menu_order":0,"comment_status":"closed","ping_status":"closed","template":"","meta":[],"yoast_head":"<!-- This site is optimized with the Yoast SEO Premium plugin v17.5 (Yoast SEO v19.7.1) - https:\/\/yoast.com\/wordpress\/plugins\/seo\/ -->\n<title>Solicitar Or\u00e7amento Pr\u00e1tico! - M\u00f3veis para decora\u00e7\u00e3o de eventos -Produtos para o seu evento<\/title>\n<meta name=\"description\" content=\"Or\u00e7amento pr\u00e1tico? Encontrou o lugar certo! Os melhores produtos para decora\u00e7\u00e3o do seu evento de Florian\u00f3polis e Regi\u00e3o.\" \/>\n<meta name=\"robots\" content=\"index, follow, max-snippet:-1, max-image-preview:large, max-video-preview:-1\" \/>\n<link rel=\"canonical\" href=\"https:\/\/mktwebferraogroup.com.br\/ferbakdecor\/solicitar-orcamento-decoracao-evento\/\" \/>\n<meta property=\"og:locale\" content=\"pt_BR\" \/>\n<meta property=\"og:type\" content=\"article\" \/>\n<meta property=\"og:title\" content=\"Solicitar Or\u00e7amento\" \/>\n<meta property=\"og:description\" content=\"Or\u00e7amento pr\u00e1tico? Encontrou o lugar certo! Os melhores produtos para decora\u00e7\u00e3o do seu evento de Florian\u00f3polis e Regi\u00e3o.\" \/>\n<meta property=\"og:url\" content=\"https:\/\/mktwebferraogroup.com.br\/ferbakdecor\/solicitar-orcamento-decoracao-evento\/\" \/>\n<meta property=\"og:site_name\" content=\"M\u00f3veis para decora\u00e7\u00e3o de eventos -Produtos para o seu evento\" \/>\n<meta property=\"article:publisher\" content=\"https:\/\/facebook.com\/FerbakDecor\/\" \/>\n<meta property=\"article:modified_time\" content=\"2022-09-26T17:15:00+00:00\" \/>\n<meta name=\"twitter:card\" content=\"summary_large_image\" \/>\n<script type=\"application\/ld+json\" class=\"yoast-schema-graph\">{\"@context\":\"https:\/\/schema.org\",\"@graph\":[{\"@type\":\"WebPage\",\"@id\":\"https:\/\/mktwebferraogroup.com.br\/ferbakdecor\/solicitar-orcamento-decoracao-evento\/\",\"url\":\"https:\/\/mktwebferraogroup.com.br\/ferbakdecor\/solicitar-orcamento-decoracao-evento\/\",\"name\":\"Solicitar Or\u00e7amento Pr\u00e1tico! - M\u00f3veis para decora\u00e7\u00e3o de eventos -Produtos para o seu evento\",\"isPartOf\":{\"@id\":\"https:\/\/mktwebferraogroup.com.br\/ferbakdecor\/#website\"},\"datePublished\":\"2020-11-01T03:31:47+00:00\",\"dateModified\":\"2022-09-26T17:15:00+00:00\",\"description\":\"Or\u00e7amento pr\u00e1tico? Encontrou o lugar certo! Os melhores produtos para decora\u00e7\u00e3o do seu evento de Florian\u00f3polis e Regi\u00e3o.\",\"breadcrumb\":{\"@id\":\"https:\/\/mktwebferraogroup.com.br\/ferbakdecor\/solicitar-orcamento-decoracao-evento\/#breadcrumb\"},\"inLanguage\":\"pt-BR\",\"potentialAction\":[{\"@type\":\"ReadAction\",\"target\":[\"https:\/\/mktwebferraogroup.com.br\/ferbakdecor\/solicitar-orcamento-decoracao-evento\/\"]}]},{\"@type\":\"BreadcrumbList\",\"@id\":\"https:\/\/mktwebferraogroup.com.br\/ferbakdecor\/solicitar-orcamento-decoracao-evento\/#breadcrumb\",\"itemListElement\":[{\"@type\":\"ListItem\",\"position\":1,\"name\":\"In\u00edcio\",\"item\":\"https:\/\/mktwebferraogroup.com.br\/ferbakdecor\/\"},{\"@type\":\"ListItem\",\"position\":2,\"name\":\"Solicitar Or\u00e7amento\"}]},{\"@type\":\"WebSite\",\"@id\":\"https:\/\/mktwebferraogroup.com.br\/ferbakdecor\/#website\",\"url\":\"https:\/\/mktwebferraogroup.com.br\/ferbakdecor\/\",\"name\":\"Ferbakdecor\",\"description\":\"M\u00f3veis para decora\u00e7\u00e3o de eventos -Produtos para o seu evento\",\"publisher\":{\"@id\":\"https:\/\/mktwebferraogroup.com.br\/ferbakdecor\/#organization\"},\"potentialAction\":[{\"@type\":\"SearchAction\",\"target\":{\"@type\":\"EntryPoint\",\"urlTemplate\":\"https:\/\/mktwebferraogroup.com.br\/ferbakdecor\/?s={search_term_string}\"},\"query-input\":\"required name=search_term_string\"}],\"inLanguage\":\"pt-BR\"},{\"@type\":\"Organization\",\"@id\":\"https:\/\/mktwebferraogroup.com.br\/ferbakdecor\/#organization\",\"name\":\"Ferbak Loca\u00e7\u00f5es\",\"url\":\"https:\/\/mktwebferraogroup.com.br\/ferbakdecor\/\",\"sameAs\":[\"https:\/\/www.instagram.com\/ferbak_decor\",\"https:\/\/facebook.com\/FerbakDecor\/\"],\"logo\":{\"@type\":\"ImageObject\",\"inLanguage\":\"pt-BR\",\"@id\":\"https:\/\/mktwebferraogroup.com.br\/ferbakdecor\/#\/schema\/logo\/image\/\",\"url\":\"https:\/\/mktwebferraogroup.com.br\/ferbakdecor\/wp-content\/uploads\/2021\/02\/WhatsApp-Image-2021-02-09-at-15.14.55.jpeg\",\"contentUrl\":\"https:\/\/mktwebferraogroup.com.br\/ferbakdecor\/wp-content\/uploads\/2021\/02\/WhatsApp-Image-2021-02-09-at-15.14.55.jpeg\",\"width\":1024,\"height\":734,\"caption\":\"Ferbak Loca\u00e7\u00f5es\"},\"image\":{\"@id\":\"https:\/\/mktwebferraogroup.com.br\/ferbakdecor\/#\/schema\/logo\/image\/\"}}]}<\/script>\n<!-- \/ Yoast SEO Premium plugin. -->","yoast_head_json":{"title":"Solicitar Or\u00e7amento Pr\u00e1tico! - M\u00f3veis para decora\u00e7\u00e3o de eventos -Produtos para o seu evento","description":"Or\u00e7amento pr\u00e1tico? Encontrou o lugar certo! Os melhores produtos para decora\u00e7\u00e3o do seu evento de Florian\u00f3polis e Regi\u00e3o.","robots":{"index":"index","follow":"follow","max-snippet":"max-snippet:-1","max-image-preview":"max-image-preview:large","max-video-preview":"max-video-preview:-1"},"canonical":"https:\/\/mktwebferraogroup.com.br\/ferbakdecor\/solicitar-orcamento-decoracao-evento\/","og_locale":"pt_BR","og_type":"article","og_title":"Solicitar Or\u00e7amento","og_description":"Or\u00e7amento pr\u00e1tico? Encontrou o lugar certo! Os melhores produtos para decora\u00e7\u00e3o do seu evento de Florian\u00f3polis e Regi\u00e3o.","og_url":"https:\/\/mktwebferraogroup.com.br\/ferbakdecor\/solicitar-orcamento-decoracao-evento\/","og_site_name":"M\u00f3veis para decora\u00e7\u00e3o de eventos -Produtos para o seu evento","article_publisher":"https:\/\/facebook.com\/FerbakDecor\/","article_modified_time":"2022-09-26T17:15:00+00:00","twitter_card":"summary_large_image","schema":{"@context":"https:\/\/schema.org","@graph":[{"@type":"WebPage","@id":"https:\/\/mktwebferraogroup.com.br\/ferbakdecor\/solicitar-orcamento-decoracao-evento\/","url":"https:\/\/mktwebferraogroup.com.br\/ferbakdecor\/solicitar-orcamento-decoracao-evento\/","name":"Solicitar Or\u00e7amento Pr\u00e1tico! - M\u00f3veis para decora\u00e7\u00e3o de eventos -Produtos para o seu evento","isPartOf":{"@id":"https:\/\/mktwebferraogroup.com.br\/ferbakdecor\/#website"},"datePublished":"2020-11-01T03:31:47+00:00","dateModified":"2022-09-26T17:15:00+00:00","description":"Or\u00e7amento pr\u00e1tico? Encontrou o lugar certo! Os melhores produtos para decora\u00e7\u00e3o do seu evento de Florian\u00f3polis e Regi\u00e3o.","breadcrumb":{"@id":"https:\/\/mktwebferraogroup.com.br\/ferbakdecor\/solicitar-orcamento-decoracao-evento\/#breadcrumb"},"inLanguage":"pt-BR","potentialAction":[{"@type":"ReadAction","target":["https:\/\/mktwebferraogroup.com.br\/ferbakdecor\/solicitar-orcamento-decoracao-evento\/"]}]},{"@type":"BreadcrumbList","@id":"https:\/\/mktwebferraogroup.com.br\/ferbakdecor\/solicitar-orcamento-decoracao-evento\/#breadcrumb","itemListElement":[{"@type":"ListItem","position":1,"name":"In\u00edcio","item":"https:\/\/mktwebferraogroup.com.br\/ferbakdecor\/"},{"@type":"ListItem","position":2,"name":"Solicitar Or\u00e7amento"}]},{"@type":"WebSite","@id":"https:\/\/mktwebferraogroup.com.br\/ferbakdecor\/#website","url":"https:\/\/mktwebferraogroup.com.br\/ferbakdecor\/","name":"Ferbakdecor","description":"M\u00f3veis para decora\u00e7\u00e3o de eventos -Produtos para o seu evento","publisher":{"@id":"https:\/\/mktwebferraogroup.com.br\/ferbakdecor\/#organization"},"potentialAction":[{"@type":"SearchAction","target":{"@type":"EntryPoint","urlTemplate":"https:\/\/mktwebferraogroup.com.br\/ferbakdecor\/?s={search_term_string}"},"query-input":"required name=search_term_string"}],"inLanguage":"pt-BR"},{"@type":"Organization","@id":"https:\/\/mktwebferraogroup.com.br\/ferbakdecor\/#organization","name":"Ferbak Loca\u00e7\u00f5es","url":"https:\/\/mktwebferraogroup.com.br\/ferbakdecor\/","sameAs":["https:\/\/www.instagram.com\/ferbak_decor","https:\/\/facebook.com\/FerbakDecor\/"],"logo":{"@type":"ImageObject","inLanguage":"pt-BR","@id":"https:\/\/mktwebferraogroup.com.br\/ferbakdecor\/#\/schema\/logo\/image\/","url":"https:\/\/mktwebferraogroup.com.br\/ferbakdecor\/wp-content\/uploads\/2021\/02\/WhatsApp-Image-2021-02-09-at-15.14.55.jpeg","contentUrl":"https:\/\/mktwebferraogroup.com.br\/ferbakdecor\/wp-content\/uploads\/2021\/02\/WhatsApp-Image-2021-02-09-at-15.14.55.jpeg","width":1024,"height":734,"caption":"Ferbak Loca\u00e7\u00f5es"},"image":{"@id":"https:\/\/mktwebferraogroup.com.br\/ferbakdecor\/#\/schema\/logo\/image\/"}}]}},"_links":{"self":[{"href":"https:\/\/mktwebferraogroup.com.br\/ferbakdecor\/wp-json\/wp\/v2\/pages\/269"}],"collection":[{"href":"https:\/\/mktwebferraogroup.com.br\/ferbakdecor\/wp-json\/wp\/v2\/pages"}],"about":[{"href":"https:\/\/mktwebferraogroup.com.br\/ferbakdecor\/wp-json\/wp\/v2\/types\/page"}],"author":[{"embeddable":true,"href":"https:\/\/mktwebferraogroup.com.br\/ferbakdecor\/wp-json\/wp\/v2\/users\/1"}],"replies":[{"embeddable":true,"href":"https:\/\/mktwebferraogroup.com.br\/ferbakdecor\/wp-json\/wp\/v2\/comments?post=269"}],"version-history":[{"count":8,"href":"https:\/\/mktwebferraogroup.com.br\/ferbakdecor\/wp-json\/wp\/v2\/pages\/269\/revisions"}],"predecessor-version":[{"id":2323,"href":"https:\/\/mktwebferraogroup.com.br\/ferbakdecor\/wp-json\/wp\/v2\/pages\/269\/revisions\/2323"}],"wp:attachment":[{"href":"https:\/\/mktwebferraogroup.com.br\/ferbakdecor\/wp-json\/wp\/v2\/media?parent=269"}],"curies":[{"name":"wp","href":"https:\/\/api.w.org\/{rel}","templated":true}]}}