{"id":3303,"date":"2022-06-08T15:55:44","date_gmt":"2022-06-08T18:55:44","guid":{"rendered":"https:\/\/mktwebferraogroup.com.br\/ferbakdecor\/?page_id=3303"},"modified":"2022-09-22T08:48:48","modified_gmt":"2022-09-22T11:48:48","slug":"contato","status":"publish","type":"page","link":"https:\/\/mktwebferraogroup.com.br\/ferbakdecor\/contato\/","title":{"rendered":"Contato"},"content":{"rendered":"\n\n\t\t<div class=\"icon-box featured-box icon-box-top text-left\"  >\n\t\t\t\t<div class=\"icon-box-text last-reset\">\n\t\t\t\t\t\t\t\t\t\n\n<div class=\"container section-title-container\" ><h3 class=\"section-title section-title-normal\"><b><\/b><span class=\"section-title-main\" >CANAIS DE ATENDIMENTO<\/span><b><\/b><\/h3><\/div>\n\n\t<div id=\"text-3377088744\" class=\"text\">\n\t\t\n\n<h3>Geral:<\/h3>\n<p>Telefone\/WhatsApp <a href=\"https:\/\/api.whatsapp.com\/send\/?phone=5548998505290&amp;text=Estou+entrando+em+contato+pelo+site+%21&amp;type=phone_number&amp;app_absent=0\" target=\"_blank\" rel=\"noopener\">48 99850-5290<\/a><\/p>\n<p><a href=\"mailto:ferbak@ferbakdecor.com.br\">ferbak@ferbakdecor.com.br<\/a><\/p>\n\t\t\n<style>\n#text-3377088744 {\n  text-align: center;\n}\n<\/style>\n\t<\/div>\n\t\n\n\t\t<\/div>\n\t<\/div>\n\t\n\t\n<div class=\"message-box relative\" style=\"padding-top:15px;padding-bottom:15px;\"><div class=\"message-box-bg-image bg-fill fill\" ><\/div><div class=\"message-box-bg-overlay bg-fill fill\" ><\/div><div class=\"container relative\"><div class=\"inner last-reset\">\n\n<div class=\"row align-middle align-center\"  id=\"row-538784315\">\n\n\n\t<div id=\"col-2052617122\" class=\"col medium-9 small-12 large-9\"  >\n\t\t\t\t<div class=\"col-inner\"  >\n\t\t\t\n\t\t\t\n\n\t<div id=\"text-4165316139\" class=\"text\">\n\t\t\n\n<h3>Financeiro:<\/h3>\n<p><a href=\"mailto:financeiro@ferbakdecor.com.br\">financeiro@ferbakdecor.com.br<\/a><\/p>\n\t\t\n<style>\n#text-4165316139 {\n  text-align: center;\n}\n<\/style>\n\t<\/div>\n\t\n\n\t\t<\/div>\n\t\t\t\t\t<\/div>\n\n\t\n\n<\/div>\n\n<\/div><\/div><\/div>\n\n","protected":false},"excerpt":{"rendered":"","protected":false},"author":2,"featured_media":0,"parent":0,"menu_order":0,"comment_status":"closed","ping_status":"closed","template":"","meta":[],"yoast_head":"<!-- This site is optimized with the Yoast SEO Premium plugin v17.5 (Yoast SEO v19.7.1) - https:\/\/yoast.com\/wordpress\/plugins\/seo\/ -->\n<title>Contato - M\u00f3veis para decora\u00e7\u00e3o de eventos -Produtos para o seu evento<\/title>\n<meta name=\"robots\" content=\"index, follow, max-snippet:-1, max-image-preview:large, max-video-preview:-1\" \/>\n<link rel=\"canonical\" href=\"https:\/\/mktwebferraogroup.com.br\/ferbakdecor\/contato\/\" \/>\n<meta property=\"og:locale\" content=\"pt_BR\" \/>\n<meta property=\"og:type\" content=\"article\" \/>\n<meta property=\"og:title\" content=\"Contato\" \/>\n<meta property=\"og:url\" content=\"https:\/\/mktwebferraogroup.com.br\/ferbakdecor\/contato\/\" \/>\n<meta property=\"og:site_name\" content=\"M\u00f3veis para decora\u00e7\u00e3o de eventos -Produtos para o seu evento\" \/>\n<meta property=\"article:publisher\" content=\"https:\/\/facebook.com\/FerbakDecor\/\" \/>\n<meta property=\"article:modified_time\" content=\"2022-09-22T11:48:48+00:00\" \/>\n<meta name=\"twitter:card\" content=\"summary_large_image\" \/>\n<script type=\"application\/ld+json\" class=\"yoast-schema-graph\">{\"@context\":\"https:\/\/schema.org\",\"@graph\":[{\"@type\":\"WebPage\",\"@id\":\"https:\/\/mktwebferraogroup.com.br\/ferbakdecor\/contato\/\",\"url\":\"https:\/\/mktwebferraogroup.com.br\/ferbakdecor\/contato\/\",\"name\":\"Contato - M\u00f3veis para decora\u00e7\u00e3o de eventos -Produtos para o seu evento\",\"isPartOf\":{\"@id\":\"https:\/\/mktwebferraogroup.com.br\/ferbakdecor\/#website\"},\"datePublished\":\"2022-06-08T18:55:44+00:00\",\"dateModified\":\"2022-09-22T11:48:48+00:00\",\"breadcrumb\":{\"@id\":\"https:\/\/mktwebferraogroup.com.br\/ferbakdecor\/contato\/#breadcrumb\"},\"inLanguage\":\"pt-BR\",\"potentialAction\":[{\"@type\":\"ReadAction\",\"target\":[\"https:\/\/mktwebferraogroup.com.br\/ferbakdecor\/contato\/\"]}]},{\"@type\":\"BreadcrumbList\",\"@id\":\"https:\/\/mktwebferraogroup.com.br\/ferbakdecor\/contato\/#breadcrumb\",\"itemListElement\":[{\"@type\":\"ListItem\",\"position\":1,\"name\":\"In\u00edcio\",\"item\":\"https:\/\/mktwebferraogroup.com.br\/ferbakdecor\/\"},{\"@type\":\"ListItem\",\"position\":2,\"name\":\"Contato\"}]},{\"@type\":\"WebSite\",\"@id\":\"https:\/\/mktwebferraogroup.com.br\/ferbakdecor\/#website\",\"url\":\"https:\/\/mktwebferraogroup.com.br\/ferbakdecor\/\",\"name\":\"Ferbakdecor\",\"description\":\"M\u00f3veis para decora\u00e7\u00e3o de eventos -Produtos para o seu evento\",\"publisher\":{\"@id\":\"https:\/\/mktwebferraogroup.com.br\/ferbakdecor\/#organization\"},\"potentialAction\":[{\"@type\":\"SearchAction\",\"target\":{\"@type\":\"EntryPoint\",\"urlTemplate\":\"https:\/\/mktwebferraogroup.com.br\/ferbakdecor\/?s={search_term_string}\"},\"query-input\":\"required name=search_term_string\"}],\"inLanguage\":\"pt-BR\"},{\"@type\":\"Organization\",\"@id\":\"https:\/\/mktwebferraogroup.com.br\/ferbakdecor\/#organization\",\"name\":\"Ferbak Loca\u00e7\u00f5es\",\"url\":\"https:\/\/mktwebferraogroup.com.br\/ferbakdecor\/\",\"sameAs\":[\"https:\/\/www.instagram.com\/ferbak_decor\",\"https:\/\/facebook.com\/FerbakDecor\/\"],\"logo\":{\"@type\":\"ImageObject\",\"inLanguage\":\"pt-BR\",\"@id\":\"https:\/\/mktwebferraogroup.com.br\/ferbakdecor\/#\/schema\/logo\/image\/\",\"url\":\"https:\/\/mktwebferraogroup.com.br\/ferbakdecor\/wp-content\/uploads\/2021\/02\/WhatsApp-Image-2021-02-09-at-15.14.55.jpeg\",\"contentUrl\":\"https:\/\/mktwebferraogroup.com.br\/ferbakdecor\/wp-content\/uploads\/2021\/02\/WhatsApp-Image-2021-02-09-at-15.14.55.jpeg\",\"width\":1024,\"height\":734,\"caption\":\"Ferbak Loca\u00e7\u00f5es\"},\"image\":{\"@id\":\"https:\/\/mktwebferraogroup.com.br\/ferbakdecor\/#\/schema\/logo\/image\/\"}}]}<\/script>\n<!-- \/ Yoast SEO Premium plugin. -->","yoast_head_json":{"title":"Contato - M\u00f3veis para decora\u00e7\u00e3o de eventos -Produtos para o seu evento","robots":{"index":"index","follow":"follow","max-snippet":"max-snippet:-1","max-image-preview":"max-image-preview:large","max-video-preview":"max-video-preview:-1"},"canonical":"https:\/\/mktwebferraogroup.com.br\/ferbakdecor\/contato\/","og_locale":"pt_BR","og_type":"article","og_title":"Contato","og_url":"https:\/\/mktwebferraogroup.com.br\/ferbakdecor\/contato\/","og_site_name":"M\u00f3veis para decora\u00e7\u00e3o de eventos -Produtos para o seu evento","article_publisher":"https:\/\/facebook.com\/FerbakDecor\/","article_modified_time":"2022-09-22T11:48:48+00:00","twitter_card":"summary_large_image","schema":{"@context":"https:\/\/schema.org","@graph":[{"@type":"WebPage","@id":"https:\/\/mktwebferraogroup.com.br\/ferbakdecor\/contato\/","url":"https:\/\/mktwebferraogroup.com.br\/ferbakdecor\/contato\/","name":"Contato - M\u00f3veis para decora\u00e7\u00e3o de eventos -Produtos para o seu evento","isPartOf":{"@id":"https:\/\/mktwebferraogroup.com.br\/ferbakdecor\/#website"},"datePublished":"2022-06-08T18:55:44+00:00","dateModified":"2022-09-22T11:48:48+00:00","breadcrumb":{"@id":"https:\/\/mktwebferraogroup.com.br\/ferbakdecor\/contato\/#breadcrumb"},"inLanguage":"pt-BR","potentialAction":[{"@type":"ReadAction","target":["https:\/\/mktwebferraogroup.com.br\/ferbakdecor\/contato\/"]}]},{"@type":"BreadcrumbList","@id":"https:\/\/mktwebferraogroup.com.br\/ferbakdecor\/contato\/#breadcrumb","itemListElement":[{"@type":"ListItem","position":1,"name":"In\u00edcio","item":"https:\/\/mktwebferraogroup.com.br\/ferbakdecor\/"},{"@type":"ListItem","position":2,"name":"Contato"}]},{"@type":"WebSite","@id":"https:\/\/mktwebferraogroup.com.br\/ferbakdecor\/#website","url":"https:\/\/mktwebferraogroup.com.br\/ferbakdecor\/","name":"Ferbakdecor","description":"M\u00f3veis para decora\u00e7\u00e3o de eventos -Produtos para o seu evento","publisher":{"@id":"https:\/\/mktwebferraogroup.com.br\/ferbakdecor\/#organization"},"potentialAction":[{"@type":"SearchAction","target":{"@type":"EntryPoint","urlTemplate":"https:\/\/mktwebferraogroup.com.br\/ferbakdecor\/?s={search_term_string}"},"query-input":"required name=search_term_string"}],"inLanguage":"pt-BR"},{"@type":"Organization","@id":"https:\/\/mktwebferraogroup.com.br\/ferbakdecor\/#organization","name":"Ferbak Loca\u00e7\u00f5es","url":"https:\/\/mktwebferraogroup.com.br\/ferbakdecor\/","sameAs":["https:\/\/www.instagram.com\/ferbak_decor","https:\/\/facebook.com\/FerbakDecor\/"],"logo":{"@type":"ImageObject","inLanguage":"pt-BR","@id":"https:\/\/mktwebferraogroup.com.br\/ferbakdecor\/#\/schema\/logo\/image\/","url":"https:\/\/mktwebferraogroup.com.br\/ferbakdecor\/wp-content\/uploads\/2021\/02\/WhatsApp-Image-2021-02-09-at-15.14.55.jpeg","contentUrl":"https:\/\/mktwebferraogroup.com.br\/ferbakdecor\/wp-content\/uploads\/2021\/02\/WhatsApp-Image-2021-02-09-at-15.14.55.jpeg","width":1024,"height":734,"caption":"Ferbak Loca\u00e7\u00f5es"},"image":{"@id":"https:\/\/mktwebferraogroup.com.br\/ferbakdecor\/#\/schema\/logo\/image\/"}}]}},"_links":{"self":[{"href":"https:\/\/mktwebferraogroup.com.br\/ferbakdecor\/wp-json\/wp\/v2\/pages\/3303"}],"collection":[{"href":"https:\/\/mktwebferraogroup.com.br\/ferbakdecor\/wp-json\/wp\/v2\/pages"}],"about":[{"href":"https:\/\/mktwebferraogroup.com.br\/ferbakdecor\/wp-json\/wp\/v2\/types\/page"}],"author":[{"embeddable":true,"href":"https:\/\/mktwebferraogroup.com.br\/ferbakdecor\/wp-json\/wp\/v2\/users\/2"}],"replies":[{"embeddable":true,"href":"https:\/\/mktwebferraogroup.com.br\/ferbakdecor\/wp-json\/wp\/v2\/comments?post=3303"}],"version-history":[{"count":12,"href":"https:\/\/mktwebferraogroup.com.br\/ferbakdecor\/wp-json\/wp\/v2\/pages\/3303\/revisions"}],"predecessor-version":[{"id":5361,"href":"https:\/\/mktwebferraogroup.com.br\/ferbakdecor\/wp-json\/wp\/v2\/pages\/3303\/revisions\/5361"}],"wp:attachment":[{"href":"https:\/\/mktwebferraogroup.com.br\/ferbakdecor\/wp-json\/wp\/v2\/media?parent=3303"}],"curies":[{"name":"wp","href":"https:\/\/api.w.org\/{rel}","templated":true}]}}