{"id":3247,"date":"2022-05-25T13:52:04","date_gmt":"2022-05-25T16:52:04","guid":{"rendered":"https:\/\/mktwebferraogroup.com.br\/ferbakdecor\/?post_type=product&#038;p=3247"},"modified":"2022-07-21T15:45:12","modified_gmt":"2022-07-21T18:45:12","slug":"trelica-de-aluminio","status":"publish","type":"product","link":"https:\/\/mktwebferraogroup.com.br\/ferbakdecor\/product\/trelica-de-aluminio\/","title":{"rendered":"Treli\u00e7a de alum\u00ednio."},"content":{"rendered":"<p>Treli\u00e7a de alum\u00ednio:<\/p>\n<p>8 unidades Treli\u00e7as para grid de 5m<br \/>\n8 unidades Treli\u00e7as para grid de 4m<br \/>\n8 unidades Treli\u00e7as para grid de 3m<br \/>\n8 unidades Treli\u00e7as para grid de 2m<br \/>\n8 unidades Treli\u00e7as para grid de 1m<br \/>\n8 unidades Treli\u00e7as para grid de 0,5m<br \/>\n6 unidades de corner bloco para canto treli\u00e7a \/ grid<br \/>\n6 unidades de sapatas para p\u00e9 treli\u00e7a \/ grid<br \/>\n6 unidades de talhas para suspender treli\u00e7as \/ grid<br \/>\n6 unidades de carrinhos para treli\u00e7as \/ grid<br \/>\n6 unidades de pau de carga para treli\u00e7as \/ grid<\/p>\n","protected":false},"excerpt":{"rendered":"<p>Treli\u00e7a de alum\u00ednio: 8 unidades Treli\u00e7as para grid de 5m 8 unidades Treli\u00e7as para grid de 4m 8 unidades Treli\u00e7as para grid de 3m 8 unidades Treli\u00e7as para grid de 2m 8 unidades Treli\u00e7as para grid de 1m 8 unidades Treli\u00e7as para grid de 0,5m 6 unidades de corner bloco para canto treli\u00e7a \/ grid [&#8230;]\n","protected":false},"featured_media":3253,"template":"","meta":[],"product_cat":[93],"product_tag":[],"yoast_head":"<!-- This site is optimized with the Yoast SEO Premium plugin v17.5 (Yoast SEO v19.7.1) - https:\/\/yoast.com\/wordpress\/plugins\/seo\/ -->\n<title>Treli\u00e7a de alum\u00ednio. - M\u00f3veis para decora\u00e7\u00e3o de eventos -Produtos para o seu evento<\/title>\n<meta name=\"robots\" content=\"index, follow, max-snippet:-1, max-image-preview:large, max-video-preview:-1\" \/>\n<link rel=\"canonical\" href=\"https:\/\/mktwebferraogroup.com.br\/ferbakdecor\/product\/trelica-de-aluminio\/\" \/>\n<meta property=\"og:locale\" content=\"pt_BR\" \/>\n<meta property=\"og:type\" content=\"article\" \/>\n<meta property=\"og:title\" content=\"Treli\u00e7a de alum\u00ednio.\" \/>\n<meta property=\"og:description\" content=\"Treli\u00e7a de alum\u00ednio: 8 unidades Treli\u00e7as para grid de 5m 8 unidades Treli\u00e7as para grid de 4m 8 unidades Treli\u00e7as para grid de 3m 8 unidades Treli\u00e7as para grid de 2m 8 unidades Treli\u00e7as para grid de 1m 8 unidades Treli\u00e7as para grid de 0,5m 6 unidades de corner bloco para canto treli\u00e7a \/ grid [...]\" \/>\n<meta property=\"og:url\" content=\"https:\/\/mktwebferraogroup.com.br\/ferbakdecor\/product\/trelica-de-aluminio\/\" \/>\n<meta property=\"og:site_name\" content=\"M\u00f3veis para decora\u00e7\u00e3o de eventos -Produtos para o seu evento\" \/>\n<meta property=\"article:publisher\" content=\"https:\/\/facebook.com\/FerbakDecor\/\" \/>\n<meta property=\"article:modified_time\" content=\"2022-07-21T18:45:12+00:00\" \/>\n<meta property=\"og:image\" content=\"https:\/\/mktwebferraogroup.com.br\/ferbakdecor\/wp-content\/uploads\/2022\/05\/Trave-montada.png\" \/>\n\t<meta property=\"og:image:width\" content=\"1024\" \/>\n\t<meta property=\"og:image:height\" content=\"768\" \/>\n\t<meta property=\"og:image:type\" content=\"image\/png\" \/>\n<meta name=\"twitter:card\" content=\"summary_large_image\" \/>\n<meta name=\"twitter:label1\" content=\"Est. tempo de leitura\" \/>\n\t<meta name=\"twitter:data1\" content=\"1 minuto\" \/>\n<script type=\"application\/ld+json\" class=\"yoast-schema-graph\">{\"@context\":\"https:\/\/schema.org\",\"@graph\":[{\"@type\":\"WebPage\",\"@id\":\"https:\/\/mktwebferraogroup.com.br\/ferbakdecor\/product\/trelica-de-aluminio\/\",\"url\":\"https:\/\/mktwebferraogroup.com.br\/ferbakdecor\/product\/trelica-de-aluminio\/\",\"name\":\"Treli\u00e7a de alum\u00ednio. - M\u00f3veis para decora\u00e7\u00e3o de eventos -Produtos para o seu evento\",\"isPartOf\":{\"@id\":\"https:\/\/mktwebferraogroup.com.br\/ferbakdecor\/#website\"},\"datePublished\":\"2022-05-25T16:52:04+00:00\",\"dateModified\":\"2022-07-21T18:45:12+00:00\",\"breadcrumb\":{\"@id\":\"https:\/\/mktwebferraogroup.com.br\/ferbakdecor\/product\/trelica-de-aluminio\/#breadcrumb\"},\"inLanguage\":\"pt-BR\",\"potentialAction\":[{\"@type\":\"ReadAction\",\"target\":[\"https:\/\/mktwebferraogroup.com.br\/ferbakdecor\/product\/trelica-de-aluminio\/\"]}]},{\"@type\":\"BreadcrumbList\",\"@id\":\"https:\/\/mktwebferraogroup.com.br\/ferbakdecor\/product\/trelica-de-aluminio\/#breadcrumb\",\"itemListElement\":[{\"@type\":\"ListItem\",\"position\":1,\"name\":\"In\u00edcio\",\"item\":\"https:\/\/mktwebferraogroup.com.br\/ferbakdecor\/\"},{\"@type\":\"ListItem\",\"position\":2,\"name\":\"Acervo\",\"item\":\"https:\/\/mktwebferraogroup.com.br\/ferbakdecor\/produtos-de-evento\/\"},{\"@type\":\"ListItem\",\"position\":3,\"name\":\"Treli\u00e7a de alum\u00ednio.\"}]},{\"@type\":\"WebSite\",\"@id\":\"https:\/\/mktwebferraogroup.com.br\/ferbakdecor\/#website\",\"url\":\"https:\/\/mktwebferraogroup.com.br\/ferbakdecor\/\",\"name\":\"Ferbakdecor\",\"description\":\"M\u00f3veis para decora\u00e7\u00e3o de eventos -Produtos para o seu evento\",\"publisher\":{\"@id\":\"https:\/\/mktwebferraogroup.com.br\/ferbakdecor\/#organization\"},\"potentialAction\":[{\"@type\":\"SearchAction\",\"target\":{\"@type\":\"EntryPoint\",\"urlTemplate\":\"https:\/\/mktwebferraogroup.com.br\/ferbakdecor\/?s={search_term_string}\"},\"query-input\":\"required name=search_term_string\"}],\"inLanguage\":\"pt-BR\"},{\"@type\":\"Organization\",\"@id\":\"https:\/\/mktwebferraogroup.com.br\/ferbakdecor\/#organization\",\"name\":\"Ferbak Loca\u00e7\u00f5es\",\"url\":\"https:\/\/mktwebferraogroup.com.br\/ferbakdecor\/\",\"sameAs\":[\"https:\/\/www.instagram.com\/ferbak_decor\",\"https:\/\/facebook.com\/FerbakDecor\/\"],\"logo\":{\"@type\":\"ImageObject\",\"inLanguage\":\"pt-BR\",\"@id\":\"https:\/\/mktwebferraogroup.com.br\/ferbakdecor\/#\/schema\/logo\/image\/\",\"url\":\"https:\/\/mktwebferraogroup.com.br\/ferbakdecor\/wp-content\/uploads\/2021\/02\/WhatsApp-Image-2021-02-09-at-15.14.55.jpeg\",\"contentUrl\":\"https:\/\/mktwebferraogroup.com.br\/ferbakdecor\/wp-content\/uploads\/2021\/02\/WhatsApp-Image-2021-02-09-at-15.14.55.jpeg\",\"width\":1024,\"height\":734,\"caption\":\"Ferbak Loca\u00e7\u00f5es\"},\"image\":{\"@id\":\"https:\/\/mktwebferraogroup.com.br\/ferbakdecor\/#\/schema\/logo\/image\/\"}}]}<\/script>\n<!-- \/ Yoast SEO Premium plugin. -->","yoast_head_json":{"title":"Treli\u00e7a de alum\u00ednio. - M\u00f3veis para decora\u00e7\u00e3o de eventos -Produtos para o seu evento","robots":{"index":"index","follow":"follow","max-snippet":"max-snippet:-1","max-image-preview":"max-image-preview:large","max-video-preview":"max-video-preview:-1"},"canonical":"https:\/\/mktwebferraogroup.com.br\/ferbakdecor\/product\/trelica-de-aluminio\/","og_locale":"pt_BR","og_type":"article","og_title":"Treli\u00e7a de alum\u00ednio.","og_description":"Treli\u00e7a de alum\u00ednio: 8 unidades Treli\u00e7as para grid de 5m 8 unidades Treli\u00e7as para grid de 4m 8 unidades Treli\u00e7as para grid de 3m 8 unidades Treli\u00e7as para grid de 2m 8 unidades Treli\u00e7as para grid de 1m 8 unidades Treli\u00e7as para grid de 0,5m 6 unidades de corner bloco para canto treli\u00e7a \/ grid [...]","og_url":"https:\/\/mktwebferraogroup.com.br\/ferbakdecor\/product\/trelica-de-aluminio\/","og_site_name":"M\u00f3veis para decora\u00e7\u00e3o de eventos -Produtos para o seu evento","article_publisher":"https:\/\/facebook.com\/FerbakDecor\/","article_modified_time":"2022-07-21T18:45:12+00:00","og_image":[{"width":1024,"height":768,"url":"https:\/\/mktwebferraogroup.com.br\/ferbakdecor\/wp-content\/uploads\/2022\/05\/Trave-montada.png","type":"image\/png"}],"twitter_card":"summary_large_image","twitter_misc":{"Est. tempo de leitura":"1 minuto"},"schema":{"@context":"https:\/\/schema.org","@graph":[{"@type":"WebPage","@id":"https:\/\/mktwebferraogroup.com.br\/ferbakdecor\/product\/trelica-de-aluminio\/","url":"https:\/\/mktwebferraogroup.com.br\/ferbakdecor\/product\/trelica-de-aluminio\/","name":"Treli\u00e7a de alum\u00ednio. - M\u00f3veis para decora\u00e7\u00e3o de eventos -Produtos para o seu evento","isPartOf":{"@id":"https:\/\/mktwebferraogroup.com.br\/ferbakdecor\/#website"},"datePublished":"2022-05-25T16:52:04+00:00","dateModified":"2022-07-21T18:45:12+00:00","breadcrumb":{"@id":"https:\/\/mktwebferraogroup.com.br\/ferbakdecor\/product\/trelica-de-aluminio\/#breadcrumb"},"inLanguage":"pt-BR","potentialAction":[{"@type":"ReadAction","target":["https:\/\/mktwebferraogroup.com.br\/ferbakdecor\/product\/trelica-de-aluminio\/"]}]},{"@type":"BreadcrumbList","@id":"https:\/\/mktwebferraogroup.com.br\/ferbakdecor\/product\/trelica-de-aluminio\/#breadcrumb","itemListElement":[{"@type":"ListItem","position":1,"name":"In\u00edcio","item":"https:\/\/mktwebferraogroup.com.br\/ferbakdecor\/"},{"@type":"ListItem","position":2,"name":"Acervo","item":"https:\/\/mktwebferraogroup.com.br\/ferbakdecor\/produtos-de-evento\/"},{"@type":"ListItem","position":3,"name":"Treli\u00e7a de alum\u00ednio."}]},{"@type":"WebSite","@id":"https:\/\/mktwebferraogroup.com.br\/ferbakdecor\/#website","url":"https:\/\/mktwebferraogroup.com.br\/ferbakdecor\/","name":"Ferbakdecor","description":"M\u00f3veis para decora\u00e7\u00e3o de eventos -Produtos para o seu evento","publisher":{"@id":"https:\/\/mktwebferraogroup.com.br\/ferbakdecor\/#organization"},"potentialAction":[{"@type":"SearchAction","target":{"@type":"EntryPoint","urlTemplate":"https:\/\/mktwebferraogroup.com.br\/ferbakdecor\/?s={search_term_string}"},"query-input":"required name=search_term_string"}],"inLanguage":"pt-BR"},{"@type":"Organization","@id":"https:\/\/mktwebferraogroup.com.br\/ferbakdecor\/#organization","name":"Ferbak Loca\u00e7\u00f5es","url":"https:\/\/mktwebferraogroup.com.br\/ferbakdecor\/","sameAs":["https:\/\/www.instagram.com\/ferbak_decor","https:\/\/facebook.com\/FerbakDecor\/"],"logo":{"@type":"ImageObject","inLanguage":"pt-BR","@id":"https:\/\/mktwebferraogroup.com.br\/ferbakdecor\/#\/schema\/logo\/image\/","url":"https:\/\/mktwebferraogroup.com.br\/ferbakdecor\/wp-content\/uploads\/2021\/02\/WhatsApp-Image-2021-02-09-at-15.14.55.jpeg","contentUrl":"https:\/\/mktwebferraogroup.com.br\/ferbakdecor\/wp-content\/uploads\/2021\/02\/WhatsApp-Image-2021-02-09-at-15.14.55.jpeg","width":1024,"height":734,"caption":"Ferbak Loca\u00e7\u00f5es"},"image":{"@id":"https:\/\/mktwebferraogroup.com.br\/ferbakdecor\/#\/schema\/logo\/image\/"}}]}},"_links":{"self":[{"href":"https:\/\/mktwebferraogroup.com.br\/ferbakdecor\/wp-json\/wp\/v2\/product\/3247"}],"collection":[{"href":"https:\/\/mktwebferraogroup.com.br\/ferbakdecor\/wp-json\/wp\/v2\/product"}],"about":[{"href":"https:\/\/mktwebferraogroup.com.br\/ferbakdecor\/wp-json\/wp\/v2\/types\/product"}],"wp:featuredmedia":[{"embeddable":true,"href":"https:\/\/mktwebferraogroup.com.br\/ferbakdecor\/wp-json\/wp\/v2\/media\/3253"}],"wp:attachment":[{"href":"https:\/\/mktwebferraogroup.com.br\/ferbakdecor\/wp-json\/wp\/v2\/media?parent=3247"}],"wp:term":[{"taxonomy":"product_cat","embeddable":true,"href":"https:\/\/mktwebferraogroup.com.br\/ferbakdecor\/wp-json\/wp\/v2\/product_cat?post=3247"},{"taxonomy":"product_tag","embeddable":true,"href":"https:\/\/mktwebferraogroup.com.br\/ferbakdecor\/wp-json\/wp\/v2\/product_tag?post=3247"}],"curies":[{"name":"wp","href":"https:\/\/api.w.org\/{rel}","templated":true}]}}