{"id":365,"date":"2020-11-03T14:52:50","date_gmt":"2020-11-03T17:52:50","guid":{"rendered":"https:\/\/www.webferraogroup.com.br\/modelo5\/product\/import-placeholder-for-722\/"},"modified":"2022-06-13T15:46:30","modified_gmt":"2022-06-13T18:46:30","slug":"sofa-chesterfield-preto","status":"publish","type":"product","link":"https:\/\/mktwebferraogroup.com.br\/ferbakdecor\/product\/sofa-chesterfield-preto\/","title":{"rendered":"Sof\u00e1 Chesterfield Preto"},"content":{"rendered":"<p>Sof\u00e1 modelo Chesterfield de veludo na cor preta<br \/>\nDimens\u00f5es:0.85X2.55X0.85<\/p>\n","protected":false},"excerpt":{"rendered":"<p>Sof\u00e1 Chesterfield Preto Quatro Lugares<\/p>\n","protected":false},"featured_media":1367,"template":"","meta":[],"product_cat":[85],"product_tag":[],"yoast_head":"<!-- This site is optimized with the Yoast SEO Premium plugin v17.5 (Yoast SEO v19.7.1) - https:\/\/yoast.com\/wordpress\/plugins\/seo\/ -->\n<title>Sof\u00e1 Chesterfield Preto - M\u00f3veis para decora\u00e7\u00e3o de eventos -Produtos para o seu evento<\/title>\n<meta name=\"robots\" content=\"index, follow, max-snippet:-1, max-image-preview:large, max-video-preview:-1\" \/>\n<link rel=\"canonical\" href=\"https:\/\/mktwebferraogroup.com.br\/ferbakdecor\/product\/sofa-chesterfield-preto\/\" \/>\n<meta property=\"og:locale\" content=\"pt_BR\" \/>\n<meta property=\"og:type\" content=\"article\" \/>\n<meta property=\"og:title\" content=\"Sof\u00e1 Chesterfield Preto\" \/>\n<meta property=\"og:description\" content=\"Sof\u00e1 Chesterfield Preto Quatro Lugares\" \/>\n<meta property=\"og:url\" content=\"https:\/\/mktwebferraogroup.com.br\/ferbakdecor\/product\/sofa-chesterfield-preto\/\" \/>\n<meta property=\"og:site_name\" content=\"M\u00f3veis para decora\u00e7\u00e3o de eventos -Produtos para o seu evento\" \/>\n<meta property=\"article:publisher\" content=\"https:\/\/facebook.com\/FerbakDecor\/\" \/>\n<meta property=\"article:modified_time\" content=\"2022-06-13T18:46:30+00:00\" \/>\n<meta property=\"og:image\" content=\"https:\/\/mktwebferraogroup.com.br\/ferbakdecor\/wp-content\/uploads\/2020\/11\/IMG_1502-1.jpg\" \/>\n\t<meta property=\"og:image:width\" content=\"1200\" \/>\n\t<meta property=\"og:image:height\" content=\"600\" \/>\n\t<meta property=\"og:image:type\" content=\"image\/jpeg\" \/>\n<meta name=\"twitter:card\" content=\"summary_large_image\" \/>\n<script type=\"application\/ld+json\" class=\"yoast-schema-graph\">{\"@context\":\"https:\/\/schema.org\",\"@graph\":[{\"@type\":\"WebPage\",\"@id\":\"https:\/\/mktwebferraogroup.com.br\/ferbakdecor\/product\/sofa-chesterfield-preto\/\",\"url\":\"https:\/\/mktwebferraogroup.com.br\/ferbakdecor\/product\/sofa-chesterfield-preto\/\",\"name\":\"Sof\u00e1 Chesterfield Preto - M\u00f3veis para decora\u00e7\u00e3o de eventos -Produtos para o seu evento\",\"isPartOf\":{\"@id\":\"https:\/\/mktwebferraogroup.com.br\/ferbakdecor\/#website\"},\"datePublished\":\"2020-11-03T17:52:50+00:00\",\"dateModified\":\"2022-06-13T18:46:30+00:00\",\"breadcrumb\":{\"@id\":\"https:\/\/mktwebferraogroup.com.br\/ferbakdecor\/product\/sofa-chesterfield-preto\/#breadcrumb\"},\"inLanguage\":\"pt-BR\",\"potentialAction\":[{\"@type\":\"ReadAction\",\"target\":[\"https:\/\/mktwebferraogroup.com.br\/ferbakdecor\/product\/sofa-chesterfield-preto\/\"]}]},{\"@type\":\"BreadcrumbList\",\"@id\":\"https:\/\/mktwebferraogroup.com.br\/ferbakdecor\/product\/sofa-chesterfield-preto\/#breadcrumb\",\"itemListElement\":[{\"@type\":\"ListItem\",\"position\":1,\"name\":\"In\u00edcio\",\"item\":\"https:\/\/mktwebferraogroup.com.br\/ferbakdecor\/\"},{\"@type\":\"ListItem\",\"position\":2,\"name\":\"Acervo\",\"item\":\"https:\/\/mktwebferraogroup.com.br\/ferbakdecor\/produtos-de-evento\/\"},{\"@type\":\"ListItem\",\"position\":3,\"name\":\"Sof\u00e1 Chesterfield Preto\"}]},{\"@type\":\"WebSite\",\"@id\":\"https:\/\/mktwebferraogroup.com.br\/ferbakdecor\/#website\",\"url\":\"https:\/\/mktwebferraogroup.com.br\/ferbakdecor\/\",\"name\":\"Ferbakdecor\",\"description\":\"M\u00f3veis para decora\u00e7\u00e3o de eventos -Produtos para o seu evento\",\"publisher\":{\"@id\":\"https:\/\/mktwebferraogroup.com.br\/ferbakdecor\/#organization\"},\"potentialAction\":[{\"@type\":\"SearchAction\",\"target\":{\"@type\":\"EntryPoint\",\"urlTemplate\":\"https:\/\/mktwebferraogroup.com.br\/ferbakdecor\/?s={search_term_string}\"},\"query-input\":\"required name=search_term_string\"}],\"inLanguage\":\"pt-BR\"},{\"@type\":\"Organization\",\"@id\":\"https:\/\/mktwebferraogroup.com.br\/ferbakdecor\/#organization\",\"name\":\"Ferbak Loca\u00e7\u00f5es\",\"url\":\"https:\/\/mktwebferraogroup.com.br\/ferbakdecor\/\",\"sameAs\":[\"https:\/\/www.instagram.com\/ferbak_decor\",\"https:\/\/facebook.com\/FerbakDecor\/\"],\"logo\":{\"@type\":\"ImageObject\",\"inLanguage\":\"pt-BR\",\"@id\":\"https:\/\/mktwebferraogroup.com.br\/ferbakdecor\/#\/schema\/logo\/image\/\",\"url\":\"https:\/\/mktwebferraogroup.com.br\/ferbakdecor\/wp-content\/uploads\/2021\/02\/WhatsApp-Image-2021-02-09-at-15.14.55.jpeg\",\"contentUrl\":\"https:\/\/mktwebferraogroup.com.br\/ferbakdecor\/wp-content\/uploads\/2021\/02\/WhatsApp-Image-2021-02-09-at-15.14.55.jpeg\",\"width\":1024,\"height\":734,\"caption\":\"Ferbak Loca\u00e7\u00f5es\"},\"image\":{\"@id\":\"https:\/\/mktwebferraogroup.com.br\/ferbakdecor\/#\/schema\/logo\/image\/\"}}]}<\/script>\n<!-- \/ Yoast SEO Premium plugin. -->","yoast_head_json":{"title":"Sof\u00e1 Chesterfield Preto - M\u00f3veis para decora\u00e7\u00e3o de eventos -Produtos para o seu evento","robots":{"index":"index","follow":"follow","max-snippet":"max-snippet:-1","max-image-preview":"max-image-preview:large","max-video-preview":"max-video-preview:-1"},"canonical":"https:\/\/mktwebferraogroup.com.br\/ferbakdecor\/product\/sofa-chesterfield-preto\/","og_locale":"pt_BR","og_type":"article","og_title":"Sof\u00e1 Chesterfield Preto","og_description":"Sof\u00e1 Chesterfield Preto Quatro Lugares","og_url":"https:\/\/mktwebferraogroup.com.br\/ferbakdecor\/product\/sofa-chesterfield-preto\/","og_site_name":"M\u00f3veis para decora\u00e7\u00e3o de eventos -Produtos para o seu evento","article_publisher":"https:\/\/facebook.com\/FerbakDecor\/","article_modified_time":"2022-06-13T18:46:30+00:00","og_image":[{"width":1200,"height":600,"url":"https:\/\/mktwebferraogroup.com.br\/ferbakdecor\/wp-content\/uploads\/2020\/11\/IMG_1502-1.jpg","type":"image\/jpeg"}],"twitter_card":"summary_large_image","schema":{"@context":"https:\/\/schema.org","@graph":[{"@type":"WebPage","@id":"https:\/\/mktwebferraogroup.com.br\/ferbakdecor\/product\/sofa-chesterfield-preto\/","url":"https:\/\/mktwebferraogroup.com.br\/ferbakdecor\/product\/sofa-chesterfield-preto\/","name":"Sof\u00e1 Chesterfield Preto - M\u00f3veis para decora\u00e7\u00e3o de eventos -Produtos para o seu evento","isPartOf":{"@id":"https:\/\/mktwebferraogroup.com.br\/ferbakdecor\/#website"},"datePublished":"2020-11-03T17:52:50+00:00","dateModified":"2022-06-13T18:46:30+00:00","breadcrumb":{"@id":"https:\/\/mktwebferraogroup.com.br\/ferbakdecor\/product\/sofa-chesterfield-preto\/#breadcrumb"},"inLanguage":"pt-BR","potentialAction":[{"@type":"ReadAction","target":["https:\/\/mktwebferraogroup.com.br\/ferbakdecor\/product\/sofa-chesterfield-preto\/"]}]},{"@type":"BreadcrumbList","@id":"https:\/\/mktwebferraogroup.com.br\/ferbakdecor\/product\/sofa-chesterfield-preto\/#breadcrumb","itemListElement":[{"@type":"ListItem","position":1,"name":"In\u00edcio","item":"https:\/\/mktwebferraogroup.com.br\/ferbakdecor\/"},{"@type":"ListItem","position":2,"name":"Acervo","item":"https:\/\/mktwebferraogroup.com.br\/ferbakdecor\/produtos-de-evento\/"},{"@type":"ListItem","position":3,"name":"Sof\u00e1 Chesterfield Preto"}]},{"@type":"WebSite","@id":"https:\/\/mktwebferraogroup.com.br\/ferbakdecor\/#website","url":"https:\/\/mktwebferraogroup.com.br\/ferbakdecor\/","name":"Ferbakdecor","description":"M\u00f3veis para decora\u00e7\u00e3o de eventos -Produtos para o seu evento","publisher":{"@id":"https:\/\/mktwebferraogroup.com.br\/ferbakdecor\/#organization"},"potentialAction":[{"@type":"SearchAction","target":{"@type":"EntryPoint","urlTemplate":"https:\/\/mktwebferraogroup.com.br\/ferbakdecor\/?s={search_term_string}"},"query-input":"required name=search_term_string"}],"inLanguage":"pt-BR"},{"@type":"Organization","@id":"https:\/\/mktwebferraogroup.com.br\/ferbakdecor\/#organization","name":"Ferbak Loca\u00e7\u00f5es","url":"https:\/\/mktwebferraogroup.com.br\/ferbakdecor\/","sameAs":["https:\/\/www.instagram.com\/ferbak_decor","https:\/\/facebook.com\/FerbakDecor\/"],"logo":{"@type":"ImageObject","inLanguage":"pt-BR","@id":"https:\/\/mktwebferraogroup.com.br\/ferbakdecor\/#\/schema\/logo\/image\/","url":"https:\/\/mktwebferraogroup.com.br\/ferbakdecor\/wp-content\/uploads\/2021\/02\/WhatsApp-Image-2021-02-09-at-15.14.55.jpeg","contentUrl":"https:\/\/mktwebferraogroup.com.br\/ferbakdecor\/wp-content\/uploads\/2021\/02\/WhatsApp-Image-2021-02-09-at-15.14.55.jpeg","width":1024,"height":734,"caption":"Ferbak Loca\u00e7\u00f5es"},"image":{"@id":"https:\/\/mktwebferraogroup.com.br\/ferbakdecor\/#\/schema\/logo\/image\/"}}]}},"_links":{"self":[{"href":"https:\/\/mktwebferraogroup.com.br\/ferbakdecor\/wp-json\/wp\/v2\/product\/365"}],"collection":[{"href":"https:\/\/mktwebferraogroup.com.br\/ferbakdecor\/wp-json\/wp\/v2\/product"}],"about":[{"href":"https:\/\/mktwebferraogroup.com.br\/ferbakdecor\/wp-json\/wp\/v2\/types\/product"}],"wp:featuredmedia":[{"embeddable":true,"href":"https:\/\/mktwebferraogroup.com.br\/ferbakdecor\/wp-json\/wp\/v2\/media\/1367"}],"wp:attachment":[{"href":"https:\/\/mktwebferraogroup.com.br\/ferbakdecor\/wp-json\/wp\/v2\/media?parent=365"}],"wp:term":[{"taxonomy":"product_cat","embeddable":true,"href":"https:\/\/mktwebferraogroup.com.br\/ferbakdecor\/wp-json\/wp\/v2\/product_cat?post=365"},{"taxonomy":"product_tag","embeddable":true,"href":"https:\/\/mktwebferraogroup.com.br\/ferbakdecor\/wp-json\/wp\/v2\/product_tag?post=365"}],"curies":[{"name":"wp","href":"https:\/\/api.w.org\/{rel}","templated":true}]}}