{"id":4100,"date":"2022-07-15T14:29:46","date_gmt":"2022-07-15T17:29:46","guid":{"rendered":"https:\/\/mktwebferraogroup.com.br\/ferbakdecor\/?post_type=product&#038;p=4100"},"modified":"2022-07-29T11:48:28","modified_gmt":"2022-07-29T14:48:28","slug":"portao-branco","status":"publish","type":"product","link":"https:\/\/mktwebferraogroup.com.br\/ferbakdecor\/product\/portao-branco\/","title":{"rendered":"Port\u00e3o Branco"},"content":{"rendered":"<p>Port\u00e3o Branco Ferbak<br \/>\nMaterial: Ferro<br \/>\nA: 3,5 cm<br \/>\nl: 2,80 cm<br \/>\nP: 10 cm<\/p>\n","protected":false},"excerpt":{"rendered":"<p>Port\u00e3o Branco Ferbak Material: Ferro A: 3,5 cm l: 2,80 cm P: 10 cm<\/p>\n","protected":false},"featured_media":4101,"template":"","meta":[],"product_cat":[93],"product_tag":[],"yoast_head":"<!-- This site is optimized with the Yoast SEO Premium plugin v17.5 (Yoast SEO v19.7.1) - https:\/\/yoast.com\/wordpress\/plugins\/seo\/ -->\n<title>Port\u00e3o Branco - M\u00f3veis para decora\u00e7\u00e3o de eventos -Produtos para o seu evento<\/title>\n<meta name=\"robots\" content=\"index, follow, max-snippet:-1, max-image-preview:large, max-video-preview:-1\" \/>\n<link rel=\"canonical\" href=\"https:\/\/mktwebferraogroup.com.br\/ferbakdecor\/product\/portao-branco\/\" \/>\n<meta property=\"og:locale\" content=\"pt_BR\" \/>\n<meta property=\"og:type\" content=\"article\" \/>\n<meta property=\"og:title\" content=\"Port\u00e3o Branco\" \/>\n<meta property=\"og:description\" content=\"Port\u00e3o Branco Ferbak Material: Ferro A: 3,5 cm l: 2,80 cm P: 10 cm\" \/>\n<meta property=\"og:url\" content=\"https:\/\/mktwebferraogroup.com.br\/ferbakdecor\/product\/portao-branco\/\" \/>\n<meta property=\"og:site_name\" content=\"M\u00f3veis para decora\u00e7\u00e3o de eventos -Produtos para o seu evento\" \/>\n<meta property=\"article:publisher\" content=\"https:\/\/facebook.com\/FerbakDecor\/\" \/>\n<meta property=\"article:modified_time\" content=\"2022-07-29T14:48:28+00:00\" \/>\n<meta property=\"og:image\" content=\"https:\/\/mktwebferraogroup.com.br\/ferbakdecor\/wp-content\/uploads\/2022\/07\/WhatsApp-Image-2022-07-15-at-13.37.39.jpeg\" \/>\n\t<meta property=\"og:image:width\" content=\"823\" \/>\n\t<meta property=\"og:image:height\" content=\"1024\" \/>\n\t<meta property=\"og:image:type\" content=\"image\/jpeg\" \/>\n<meta name=\"twitter:card\" content=\"summary_large_image\" \/>\n<meta name=\"twitter:label1\" content=\"Est. tempo de leitura\" \/>\n\t<meta name=\"twitter:data1\" content=\"1 minuto\" \/>\n<script type=\"application\/ld+json\" class=\"yoast-schema-graph\">{\"@context\":\"https:\/\/schema.org\",\"@graph\":[{\"@type\":\"WebPage\",\"@id\":\"https:\/\/mktwebferraogroup.com.br\/ferbakdecor\/product\/portao-branco\/\",\"url\":\"https:\/\/mktwebferraogroup.com.br\/ferbakdecor\/product\/portao-branco\/\",\"name\":\"Port\u00e3o Branco - M\u00f3veis para decora\u00e7\u00e3o de eventos -Produtos para o seu evento\",\"isPartOf\":{\"@id\":\"https:\/\/mktwebferraogroup.com.br\/ferbakdecor\/#website\"},\"datePublished\":\"2022-07-15T17:29:46+00:00\",\"dateModified\":\"2022-07-29T14:48:28+00:00\",\"breadcrumb\":{\"@id\":\"https:\/\/mktwebferraogroup.com.br\/ferbakdecor\/product\/portao-branco\/#breadcrumb\"},\"inLanguage\":\"pt-BR\",\"potentialAction\":[{\"@type\":\"ReadAction\",\"target\":[\"https:\/\/mktwebferraogroup.com.br\/ferbakdecor\/product\/portao-branco\/\"]}]},{\"@type\":\"BreadcrumbList\",\"@id\":\"https:\/\/mktwebferraogroup.com.br\/ferbakdecor\/product\/portao-branco\/#breadcrumb\",\"itemListElement\":[{\"@type\":\"ListItem\",\"position\":1,\"name\":\"In\u00edcio\",\"item\":\"https:\/\/mktwebferraogroup.com.br\/ferbakdecor\/\"},{\"@type\":\"ListItem\",\"position\":2,\"name\":\"Acervo\",\"item\":\"https:\/\/mktwebferraogroup.com.br\/ferbakdecor\/produtos-de-evento\/\"},{\"@type\":\"ListItem\",\"position\":3,\"name\":\"Port\u00e3o Branco\"}]},{\"@type\":\"WebSite\",\"@id\":\"https:\/\/mktwebferraogroup.com.br\/ferbakdecor\/#website\",\"url\":\"https:\/\/mktwebferraogroup.com.br\/ferbakdecor\/\",\"name\":\"Ferbakdecor\",\"description\":\"M\u00f3veis para decora\u00e7\u00e3o de eventos -Produtos para o seu evento\",\"publisher\":{\"@id\":\"https:\/\/mktwebferraogroup.com.br\/ferbakdecor\/#organization\"},\"potentialAction\":[{\"@type\":\"SearchAction\",\"target\":{\"@type\":\"EntryPoint\",\"urlTemplate\":\"https:\/\/mktwebferraogroup.com.br\/ferbakdecor\/?s={search_term_string}\"},\"query-input\":\"required name=search_term_string\"}],\"inLanguage\":\"pt-BR\"},{\"@type\":\"Organization\",\"@id\":\"https:\/\/mktwebferraogroup.com.br\/ferbakdecor\/#organization\",\"name\":\"Ferbak Loca\u00e7\u00f5es\",\"url\":\"https:\/\/mktwebferraogroup.com.br\/ferbakdecor\/\",\"sameAs\":[\"https:\/\/www.instagram.com\/ferbak_decor\",\"https:\/\/facebook.com\/FerbakDecor\/\"],\"logo\":{\"@type\":\"ImageObject\",\"inLanguage\":\"pt-BR\",\"@id\":\"https:\/\/mktwebferraogroup.com.br\/ferbakdecor\/#\/schema\/logo\/image\/\",\"url\":\"https:\/\/mktwebferraogroup.com.br\/ferbakdecor\/wp-content\/uploads\/2021\/02\/WhatsApp-Image-2021-02-09-at-15.14.55.jpeg\",\"contentUrl\":\"https:\/\/mktwebferraogroup.com.br\/ferbakdecor\/wp-content\/uploads\/2021\/02\/WhatsApp-Image-2021-02-09-at-15.14.55.jpeg\",\"width\":1024,\"height\":734,\"caption\":\"Ferbak Loca\u00e7\u00f5es\"},\"image\":{\"@id\":\"https:\/\/mktwebferraogroup.com.br\/ferbakdecor\/#\/schema\/logo\/image\/\"}}]}<\/script>\n<!-- \/ Yoast SEO Premium plugin. -->","yoast_head_json":{"title":"Port\u00e3o Branco - M\u00f3veis para decora\u00e7\u00e3o de eventos -Produtos para o seu evento","robots":{"index":"index","follow":"follow","max-snippet":"max-snippet:-1","max-image-preview":"max-image-preview:large","max-video-preview":"max-video-preview:-1"},"canonical":"https:\/\/mktwebferraogroup.com.br\/ferbakdecor\/product\/portao-branco\/","og_locale":"pt_BR","og_type":"article","og_title":"Port\u00e3o Branco","og_description":"Port\u00e3o Branco Ferbak Material: Ferro A: 3,5 cm l: 2,80 cm P: 10 cm","og_url":"https:\/\/mktwebferraogroup.com.br\/ferbakdecor\/product\/portao-branco\/","og_site_name":"M\u00f3veis para decora\u00e7\u00e3o de eventos -Produtos para o seu evento","article_publisher":"https:\/\/facebook.com\/FerbakDecor\/","article_modified_time":"2022-07-29T14:48:28+00:00","og_image":[{"width":823,"height":1024,"url":"https:\/\/mktwebferraogroup.com.br\/ferbakdecor\/wp-content\/uploads\/2022\/07\/WhatsApp-Image-2022-07-15-at-13.37.39.jpeg","type":"image\/jpeg"}],"twitter_card":"summary_large_image","twitter_misc":{"Est. tempo de leitura":"1 minuto"},"schema":{"@context":"https:\/\/schema.org","@graph":[{"@type":"WebPage","@id":"https:\/\/mktwebferraogroup.com.br\/ferbakdecor\/product\/portao-branco\/","url":"https:\/\/mktwebferraogroup.com.br\/ferbakdecor\/product\/portao-branco\/","name":"Port\u00e3o Branco - M\u00f3veis para decora\u00e7\u00e3o de eventos -Produtos para o seu evento","isPartOf":{"@id":"https:\/\/mktwebferraogroup.com.br\/ferbakdecor\/#website"},"datePublished":"2022-07-15T17:29:46+00:00","dateModified":"2022-07-29T14:48:28+00:00","breadcrumb":{"@id":"https:\/\/mktwebferraogroup.com.br\/ferbakdecor\/product\/portao-branco\/#breadcrumb"},"inLanguage":"pt-BR","potentialAction":[{"@type":"ReadAction","target":["https:\/\/mktwebferraogroup.com.br\/ferbakdecor\/product\/portao-branco\/"]}]},{"@type":"BreadcrumbList","@id":"https:\/\/mktwebferraogroup.com.br\/ferbakdecor\/product\/portao-branco\/#breadcrumb","itemListElement":[{"@type":"ListItem","position":1,"name":"In\u00edcio","item":"https:\/\/mktwebferraogroup.com.br\/ferbakdecor\/"},{"@type":"ListItem","position":2,"name":"Acervo","item":"https:\/\/mktwebferraogroup.com.br\/ferbakdecor\/produtos-de-evento\/"},{"@type":"ListItem","position":3,"name":"Port\u00e3o Branco"}]},{"@type":"WebSite","@id":"https:\/\/mktwebferraogroup.com.br\/ferbakdecor\/#website","url":"https:\/\/mktwebferraogroup.com.br\/ferbakdecor\/","name":"Ferbakdecor","description":"M\u00f3veis para decora\u00e7\u00e3o de eventos -Produtos para o seu evento","publisher":{"@id":"https:\/\/mktwebferraogroup.com.br\/ferbakdecor\/#organization"},"potentialAction":[{"@type":"SearchAction","target":{"@type":"EntryPoint","urlTemplate":"https:\/\/mktwebferraogroup.com.br\/ferbakdecor\/?s={search_term_string}"},"query-input":"required name=search_term_string"}],"inLanguage":"pt-BR"},{"@type":"Organization","@id":"https:\/\/mktwebferraogroup.com.br\/ferbakdecor\/#organization","name":"Ferbak Loca\u00e7\u00f5es","url":"https:\/\/mktwebferraogroup.com.br\/ferbakdecor\/","sameAs":["https:\/\/www.instagram.com\/ferbak_decor","https:\/\/facebook.com\/FerbakDecor\/"],"logo":{"@type":"ImageObject","inLanguage":"pt-BR","@id":"https:\/\/mktwebferraogroup.com.br\/ferbakdecor\/#\/schema\/logo\/image\/","url":"https:\/\/mktwebferraogroup.com.br\/ferbakdecor\/wp-content\/uploads\/2021\/02\/WhatsApp-Image-2021-02-09-at-15.14.55.jpeg","contentUrl":"https:\/\/mktwebferraogroup.com.br\/ferbakdecor\/wp-content\/uploads\/2021\/02\/WhatsApp-Image-2021-02-09-at-15.14.55.jpeg","width":1024,"height":734,"caption":"Ferbak Loca\u00e7\u00f5es"},"image":{"@id":"https:\/\/mktwebferraogroup.com.br\/ferbakdecor\/#\/schema\/logo\/image\/"}}]}},"_links":{"self":[{"href":"https:\/\/mktwebferraogroup.com.br\/ferbakdecor\/wp-json\/wp\/v2\/product\/4100"}],"collection":[{"href":"https:\/\/mktwebferraogroup.com.br\/ferbakdecor\/wp-json\/wp\/v2\/product"}],"about":[{"href":"https:\/\/mktwebferraogroup.com.br\/ferbakdecor\/wp-json\/wp\/v2\/types\/product"}],"wp:featuredmedia":[{"embeddable":true,"href":"https:\/\/mktwebferraogroup.com.br\/ferbakdecor\/wp-json\/wp\/v2\/media\/4101"}],"wp:attachment":[{"href":"https:\/\/mktwebferraogroup.com.br\/ferbakdecor\/wp-json\/wp\/v2\/media?parent=4100"}],"wp:term":[{"taxonomy":"product_cat","embeddable":true,"href":"https:\/\/mktwebferraogroup.com.br\/ferbakdecor\/wp-json\/wp\/v2\/product_cat?post=4100"},{"taxonomy":"product_tag","embeddable":true,"href":"https:\/\/mktwebferraogroup.com.br\/ferbakdecor\/wp-json\/wp\/v2\/product_tag?post=4100"}],"curies":[{"name":"wp","href":"https:\/\/api.w.org\/{rel}","templated":true}]}}